{"id":12787,"date":"2023-02-11T14:20:58","date_gmt":"2023-02-11T10:20:58","guid":{"rendered":"https:\/\/hanoglubaklava.az\/?post_type=product&#038;p=12787"},"modified":"2023-02-13T15:30:21","modified_gmt":"2023-02-13T11:30:21","slug":"duzlu-v%c9%99-qabiqli-gaziantep-fistigi","status":"publish","type":"product","link":"https:\/\/hanoglubaklava.az\/?product=duzlu-v%c9%99-qabiqli-gaziantep-fistigi","title":{"rendered":"Duzlu V\u0259 Qab\u0131ql\u0131 Gaziantep F\u0131st\u0131\u011f\u0131"},"content":{"rendered":"","protected":false},"excerpt":{"rendered":"<p><span style=\"color: #000000;\">Gaziantepd\u0259 yeti\u015f\u0259r\u0259k ist\u0259r \u00e7\u0259r\u0259z olaraq masan\u0131z\u0131 b\u0259z\u0259y\u0259n, ist\u0259rs\u0259 d\u0259 \u015firniyyatlar\u0131n\u0131z\u0131 dad\u0131 il\u0259 tacland\u0131ran bu f\u0131st\u0131q, \u0259n yeni v\u0259 keyfiyy\u0259tli hal\u0131 il\u0259 sizl\u0259r\u0259 t\u0259qdim edilir.<\/span><\/p>\n","protected":false},"featured_media":12847,"comment_status":"open","ping_status":"closed","template":"","meta":{"_acf_changed":false,"om_disable_all_campaigns":false,"_monsterinsights_skip_tracking":false,"_monsterinsights_sitenote_active":false,"_monsterinsights_sitenote_note":"","_monsterinsights_sitenote_category":0},"product_cat":[52],"product_tag":[],"class_list":{"0":"post-12787","1":"product","2":"type-product","3":"status-publish","4":"has-post-thumbnail","6":"product_cat-digr-mhsullar","8":"first","9":"instock","10":"shipping-taxable","11":"product-type-simple"},"acf":[],"aioseo_notices":[],"_links":{"self":[{"href":"https:\/\/hanoglubaklava.az\/index.php?rest_route=\/wp\/v2\/product\/12787","targetHints":{"allow":["GET"]}}],"collection":[{"href":"https:\/\/hanoglubaklava.az\/index.php?rest_route=\/wp\/v2\/product"}],"about":[{"href":"https:\/\/hanoglubaklava.az\/index.php?rest_route=\/wp\/v2\/types\/product"}],"replies":[{"embeddable":true,"href":"https:\/\/hanoglubaklava.az\/index.php?rest_route=%2Fwp%2Fv2%2Fcomments&post=12787"}],"wp:featuredmedia":[{"embeddable":true,"href":"https:\/\/hanoglubaklava.az\/index.php?rest_route=\/wp\/v2\/media\/12847"}],"wp:attachment":[{"href":"https:\/\/hanoglubaklava.az\/index.php?rest_route=%2Fwp%2Fv2%2Fmedia&parent=12787"}],"wp:term":[{"taxonomy":"product_cat","embeddable":true,"href":"https:\/\/hanoglubaklava.az\/index.php?rest_route=%2Fwp%2Fv2%2Fproduct_cat&post=12787"},{"taxonomy":"product_tag","embeddable":true,"href":"https:\/\/hanoglubaklava.az\/index.php?rest_route=%2Fwp%2Fv2%2Fproduct_tag&post=12787"}],"curies":[{"name":"wp","href":"https:\/\/api.w.org\/{rel}","templated":true}]}}