{"id":12794,"date":"2023-02-11T14:24:58","date_gmt":"2023-02-11T10:24:58","guid":{"rendered":"https:\/\/hanoglubaklava.az\/?post_type=product&#038;p=12794"},"modified":"2023-02-13T15:25:40","modified_gmt":"2023-02-13T11:25:40","slug":"sekeroglu-menegic-kahve-200-qram","status":"publish","type":"product","link":"https:\/\/hanoglubaklava.az\/?product=sekeroglu-menegic-kahve-200-qram","title":{"rendered":"\u015eekero\u011flu Menegi\u00e7 Kahve 200 qram"},"content":{"rendered":"","protected":false},"excerpt":{"rendered":"<p><span style=\"color: #000000;\">Y\u00fcz ill\u0259rdir daima d\u0259y\u0259rli olan q\u0259hv\u0259, yeti\u015fdirilm\u0259sind\u0259n \u00fcy\u00fcd\u00fclm\u0259sin\u0259, bi\u015firilm\u0259sind\u0259n t\u0259qdimat\u0131na q\u0259d\u0259r minl\u0259rc\u0259 \u00e7e\u015fidi t\u0259k bir n\u00f6qt\u0259d\u0259 birl\u0259\u015fdirir ki, bu da q\u0259hv\u0259 h\u0259zzidir.<\/span><\/p>\n<p><span style=\"color: #000000;\">Bu q\u0259hv\u0259 \u00e7e\u015fidimiz, \u00e7\u0259yird\u0259kl\u0259rinin f\u0259rqli \u00fcsullarla qovrulub \u00e7\u0259kilm\u0259si il\u0259 \u00fcy\u00fcd\u00fcl\u00fcr v\u0259 paketl\u0259n\u0259r\u0259k \u0259sl q\u0259hv\u0259 h\u0259zzini ya\u015fama\u011f\u0131n\u0131z \u00fc\u00e7\u00fcn sizl\u0259r\u0259 t\u0259qdim edilir.<\/span><\/p>\n","protected":false},"featured_media":12846,"comment_status":"open","ping_status":"closed","template":"","meta":{"_acf_changed":false,"om_disable_all_campaigns":false,"_monsterinsights_skip_tracking":false,"_monsterinsights_sitenote_active":false,"_monsterinsights_sitenote_note":"","_monsterinsights_sitenote_category":0},"product_cat":[52],"product_tag":[],"class_list":{"0":"post-12794","1":"product","2":"type-product","3":"status-publish","4":"has-post-thumbnail","6":"product_cat-digr-mhsullar","8":"first","9":"instock","10":"shipping-taxable","11":"product-type-simple"},"acf":[],"aioseo_notices":[],"_links":{"self":[{"href":"https:\/\/hanoglubaklava.az\/index.php?rest_route=\/wp\/v2\/product\/12794","targetHints":{"allow":["GET"]}}],"collection":[{"href":"https:\/\/hanoglubaklava.az\/index.php?rest_route=\/wp\/v2\/product"}],"about":[{"href":"https:\/\/hanoglubaklava.az\/index.php?rest_route=\/wp\/v2\/types\/product"}],"replies":[{"embeddable":true,"href":"https:\/\/hanoglubaklava.az\/index.php?rest_route=%2Fwp%2Fv2%2Fcomments&post=12794"}],"wp:featuredmedia":[{"embeddable":true,"href":"https:\/\/hanoglubaklava.az\/index.php?rest_route=\/wp\/v2\/media\/12846"}],"wp:attachment":[{"href":"https:\/\/hanoglubaklava.az\/index.php?rest_route=%2Fwp%2Fv2%2Fmedia&parent=12794"}],"wp:term":[{"taxonomy":"product_cat","embeddable":true,"href":"https:\/\/hanoglubaklava.az\/index.php?rest_route=%2Fwp%2Fv2%2Fproduct_cat&post=12794"},{"taxonomy":"product_tag","embeddable":true,"href":"https:\/\/hanoglubaklava.az\/index.php?rest_route=%2Fwp%2Fv2%2Fproduct_tag&post=12794"}],"curies":[{"name":"wp","href":"https:\/\/api.w.org\/{rel}","templated":true}]}}