{"id":12854,"date":"2023-02-13T16:58:20","date_gmt":"2023-02-13T12:58:20","guid":{"rendered":"https:\/\/hanoglubaklava.az\/?post_type=product&#038;p=12854"},"modified":"2023-02-14T17:20:23","modified_gmt":"2023-02-14T13:20:23","slug":"qozlu-sokoladli-qaymaqli-midye-paxlava","status":"publish","type":"product","link":"https:\/\/hanoglubaklava.az\/?product=qozlu-sokoladli-qaymaqli-midye-paxlava","title":{"rendered":"Qozlu \u015eokoladl\u0131 Qaymaql\u0131 Midye Paxlava"},"content":{"rendered":"","protected":false},"excerpt":{"rendered":"<p><span style=\"color: #000000;\">Qozlu \u015fokoladl\u0131 qaymaql\u0131 midye paxlava, paxlava unu, qaymaq, \u015fokolad, qoz l\u0259p\u0259si, k\u0259r\u0259ya\u011f\u0131 v\u0259 \u015f\u0259rb\u0259t il\u0259 haz\u0131rlan\u0131r.<\/span><\/p>\n<p><span style=\"color: #000000;\">Q\u0131zarm\u0131\u015f, \u00e7\u0131t\u0131r-\u00e7\u0131t\u0131r g\u00f6r\u00fcn\u00fc\u015f\u00fc g\u00f6z\u00fcn\u00fcz\u0259, qoz l\u0259p\u0259si v\u0259 \u015fokolad\u0131n n\u0259fis dad\u0131 is\u0259 damaq z\u00f6vq\u00fcn\u00fcz\u0259 xitab ed\u0259c\u0259k.<\/span><\/p>\n","protected":false},"featured_media":12637,"comment_status":"open","ping_status":"closed","template":"","meta":{"_acf_changed":false,"om_disable_all_campaigns":false,"_monsterinsights_skip_tracking":false,"_monsterinsights_sitenote_active":false,"_monsterinsights_sitenote_note":"","_monsterinsights_sitenote_category":0},"product_cat":[47],"product_tag":[],"class_list":{"0":"post-12854","1":"product","2":"type-product","3":"status-publish","4":"has-post-thumbnail","6":"product_cat-paxlavalar","8":"first","9":"instock","10":"shipping-taxable","11":"product-type-simple"},"acf":[],"aioseo_notices":[],"_links":{"self":[{"href":"https:\/\/hanoglubaklava.az\/index.php?rest_route=\/wp\/v2\/product\/12854","targetHints":{"allow":["GET"]}}],"collection":[{"href":"https:\/\/hanoglubaklava.az\/index.php?rest_route=\/wp\/v2\/product"}],"about":[{"href":"https:\/\/hanoglubaklava.az\/index.php?rest_route=\/wp\/v2\/types\/product"}],"replies":[{"embeddable":true,"href":"https:\/\/hanoglubaklava.az\/index.php?rest_route=%2Fwp%2Fv2%2Fcomments&post=12854"}],"wp:featuredmedia":[{"embeddable":true,"href":"https:\/\/hanoglubaklava.az\/index.php?rest_route=\/wp\/v2\/media\/12637"}],"wp:attachment":[{"href":"https:\/\/hanoglubaklava.az\/index.php?rest_route=%2Fwp%2Fv2%2Fmedia&parent=12854"}],"wp:term":[{"taxonomy":"product_cat","embeddable":true,"href":"https:\/\/hanoglubaklava.az\/index.php?rest_route=%2Fwp%2Fv2%2Fproduct_cat&post=12854"},{"taxonomy":"product_tag","embeddable":true,"href":"https:\/\/hanoglubaklava.az\/index.php?rest_route=%2Fwp%2Fv2%2Fproduct_tag&post=12854"}],"curies":[{"name":"wp","href":"https:\/\/api.w.org\/{rel}","templated":true}]}}