{"id":12858,"date":"2023-02-13T17:00:32","date_gmt":"2023-02-13T13:00:32","guid":{"rendered":"https:\/\/hanoglubaklava.az\/?post_type=product&#038;p=12858"},"modified":"2023-02-13T17:00:32","modified_gmt":"2023-02-13T13:00:32","slug":"tund-sokoladli-findiq-draje","status":"publish","type":"product","link":"https:\/\/hanoglubaklava.az\/?product=tund-sokoladli-findiq-draje","title":{"rendered":"T\u00fcnd \u015eokoladl\u0131 F\u0131nd\u0131q Draje"},"content":{"rendered":"","protected":false},"excerpt":{"rendered":"<p><span style=\"color: #000000;\">T\u00fcnd \u015fokolad v\u0259 f\u0131nd\u0131q sev\u0259rl\u0259r bu l\u0259zz\u0259td\u0259n imtina ed\u0259 bilm\u0259y\u0259c\u0259kl\u0259r!<\/span><\/p>\n<p><span style=\"color: #000000;\">\u015eokolad\u0131n \u0259v\u0259zedilm\u0259z dad\u0131 il\u0259 birl\u0259\u015f\u0259n f\u0131nd\u0131\u011f\u0131n l\u0259ziz harmoniyas\u0131, siz\u0259 x\u00fcsusi dad v\u0259d edir.<\/span><\/p>\n","protected":false},"featured_media":12690,"comment_status":"open","ping_status":"closed","template":"","meta":{"_acf_changed":false,"om_disable_all_campaigns":false,"_monsterinsights_skip_tracking":false,"_monsterinsights_sitenote_active":false,"_monsterinsights_sitenote_note":"","_monsterinsights_sitenote_category":0},"product_cat":[51],"product_tag":[],"class_list":{"0":"post-12858","1":"product","2":"type-product","3":"status-publish","4":"has-post-thumbnail","6":"product_cat-sokoladlar","8":"first","9":"instock","10":"shipping-taxable","11":"product-type-simple"},"acf":[],"aioseo_notices":[],"_links":{"self":[{"href":"https:\/\/hanoglubaklava.az\/index.php?rest_route=\/wp\/v2\/product\/12858","targetHints":{"allow":["GET"]}}],"collection":[{"href":"https:\/\/hanoglubaklava.az\/index.php?rest_route=\/wp\/v2\/product"}],"about":[{"href":"https:\/\/hanoglubaklava.az\/index.php?rest_route=\/wp\/v2\/types\/product"}],"replies":[{"embeddable":true,"href":"https:\/\/hanoglubaklava.az\/index.php?rest_route=%2Fwp%2Fv2%2Fcomments&post=12858"}],"wp:featuredmedia":[{"embeddable":true,"href":"https:\/\/hanoglubaklava.az\/index.php?rest_route=\/wp\/v2\/media\/12690"}],"wp:attachment":[{"href":"https:\/\/hanoglubaklava.az\/index.php?rest_route=%2Fwp%2Fv2%2Fmedia&parent=12858"}],"wp:term":[{"taxonomy":"product_cat","embeddable":true,"href":"https:\/\/hanoglubaklava.az\/index.php?rest_route=%2Fwp%2Fv2%2Fproduct_cat&post=12858"},{"taxonomy":"product_tag","embeddable":true,"href":"https:\/\/hanoglubaklava.az\/index.php?rest_route=%2Fwp%2Fv2%2Fproduct_tag&post=12858"}],"curies":[{"name":"wp","href":"https:\/\/api.w.org\/{rel}","templated":true}]}}